{"id":524,"date":"2011-10-15T12:05:22","date_gmt":"2011-10-15T12:05:22","guid":{"rendered":"http:\/\/www.shzm.ch\/?page_id=524"},"modified":"2018-04-24T15:39:19","modified_gmt":"2018-04-24T15:39:19","slug":"kontakt-french","status":"publish","type":"page","link":"https:\/\/www.shzm.ch\/fr\/kontakt-french\/","title":{"rendered":"Contact"},"content":{"rendered":"<p><strong>S<\/strong><strong>chweizerisches\u00a0<\/strong><strong>H<\/strong><strong>ochschulz<\/strong><strong>entrum\u00a0<strong>f\u00fcr\u00a0<\/strong><strong>M<\/strong><strong>usikphysiologie<\/strong><\/strong><\/p>\n<p><strong><strong>c\/o\u00a0<a href=\"https:\/\/www.zhdk.ch\/person\/150695\">Prof. Dr. med. Dipl. Mus. Horst Hildebrandt<\/a>,\u00a0Bereich Musikphysiologie \/ Musik- und Pr\u00e4ventivmedizin\u00a0Z\u00fcrcher Hochschule der K\u00fcnste ZHdK und\u00a0Musikhochschulen FHNW<\/strong><\/strong><\/p>\n<p><strong><strong><strong>Pfingstweidstr. 96, Pf., CH-8031 Z\u00fcrich<\/strong> \/ Leonhardstr.6, Pf., CH-4003 Basel E-mail: horst.hildebrandt@zhdk.ch +41(0)43 446 51 20<\/strong><\/strong><\/p>\n","protected":false},"excerpt":{"rendered":"<p>Schweizerisches Hochschulzentrum f\u00fcr Musikphysiologie<\/p>\n<p>c\/o Prof. Dr. med. Dipl. Mus. Horst Hildebrandt, Bereich Musikphysiologie \/ Musik- und Pr\u00e4ventivmedizin Z\u00fcrcher Hochschule der K\u00fcnste ZHdK und Musikhochschulen FHNW<\/p>\n<p>Pfingstweidstr. 96, Pf., CH-8031 Z\u00fcrich \/ Leonhardstr.6, Pf., CH-4003 Basel E-mail: horst.hildebrandt@zhdk.ch +41(0)43 446 51 20<\/p>\n","protected":false},"author":1,"featured_media":0,"parent":0,"menu_order":10,"comment_status":"open","ping_status":"open","template":"","meta":{"footnotes":""},"class_list":["post-524","page","type-page","status-publish","hentry","odd"],"_links":{"self":[{"href":"https:\/\/www.shzm.ch\/fr\/wp-json\/wp\/v2\/pages\/524","targetHints":{"allow":["GET"]}}],"collection":[{"href":"https:\/\/www.shzm.ch\/fr\/wp-json\/wp\/v2\/pages"}],"about":[{"href":"https:\/\/www.shzm.ch\/fr\/wp-json\/wp\/v2\/types\/page"}],"author":[{"embeddable":true,"href":"https:\/\/www.shzm.ch\/fr\/wp-json\/wp\/v2\/users\/1"}],"replies":[{"embeddable":true,"href":"https:\/\/www.shzm.ch\/fr\/wp-json\/wp\/v2\/comments?post=524"}],"version-history":[{"count":6,"href":"https:\/\/www.shzm.ch\/fr\/wp-json\/wp\/v2\/pages\/524\/revisions"}],"predecessor-version":[{"id":1050,"href":"https:\/\/www.shzm.ch\/fr\/wp-json\/wp\/v2\/pages\/524\/revisions\/1050"}],"wp:attachment":[{"href":"https:\/\/www.shzm.ch\/fr\/wp-json\/wp\/v2\/media?parent=524"}],"curies":[{"name":"wp","href":"https:\/\/api.w.org\/{rel}","templated":true}]}}