{"id":514,"date":"2011-10-15T12:01:25","date_gmt":"2011-10-15T12:01:25","guid":{"rendered":"http:\/\/www.shzm.ch\/?page_id=514"},"modified":"2025-05-16T06:24:59","modified_gmt":"2025-05-16T06:24:59","slug":"aktuellesveranstaltungen-french","status":"publish","type":"page","link":"https:\/\/www.shzm.ch\/fr\/aktuellesveranstaltungen-french\/","title":{"rendered":"Actualit\u00e9s"},"content":{"rendered":"<p><strong><span style=\"text-decoration: underline;\">Suggestions pour cours et pr\u00e9sentations<\/span><\/strong><\/p>\n<p>_____________________________________________________________________________________________<\/p>\n<p><strong>Pour les propositions suivantes, pas de version anglaise disponible actuellement.<\/strong><\/p>\n<p><strong>Pour toute information ult\u00e9rieure sur un sujet sp\u00e9cifique, merci de contacter le\u00a0<strong>\u00a0<a href=\"https:\/\/www.zhdk.ch\/person\/150695\">Prof. Dr. med. Horst Hildebrandt<\/a>\u00a0ou\u00a0naviguez \u00e0 la <a href=\"http:\/\/www.shzm.ch\/aktuelles-veranstaltungen\/\">page allemande<\/a> pour t\u00e9l\u00e9charger de la documentation sur les cours.<\/strong><\/strong><\/p>\n<p><strong>International Symposium Art in Motion 2025 &#8211; The Drive to Thrive &#8211; <a href=\"http:\/\/www.shzm.ch\/wp-content\/uploads\/2025\/05\/Internationales-Symposium-Art-in-Motion-2025-The-Drive-to-Thrive.pdf\">Flyer<\/a><\/strong><\/p>\n<p><em><b>Professional Ear User \u2013 <\/b><\/em><b><em>Pr\u00e4vention und Therapie von Erkrankungen eines professionellen Geh\u00f6rs<\/em><span class=\"Apple-converted-space\">\u00a0&#8211;<\/span><\/b><strong><span class=\"Apple-converted-space\">\u00a0<\/span><\/strong><span class=\"Apple-converted-space\"><strong>enseignement et d\u00e9veloppement, le 24.10.2023\u00a0par<\/strong> <a href=\"http:\/\/www.shzm.ch\/wp-content\/uploads\/2023\/08\/Fortbildung-mit-D.-Bachinger-u.-D.-Veraguth-am-24.10.2023-.pdf\">Dr. Dr. David\u00a0B\u00e4uchiger and KD Dr. Dorothe Veraguth<\/a><\/span><\/p>\n<p><strong>International Online-Symposium \u00ab\u00a0Art in Motion 2023 &#8211; Motivation\u00a0\u00bb, le 2 et 3 Juin 2023<\/strong>\u00a0&#8211; <a href=\"http:\/\/www.shzm.ch\/wp-content\/uploads\/2023\/01\/Symposium-Art-in-Motion_Munchen-02-03062023.pdf\">voir flyer ici<\/a><\/p>\n<p><b>Introduction to The Taubman Approach:\u00a0a blueprint for injury prevention and the\u00a0development of virtuosity and ease. <\/b><a href=\"http:\/\/www.shzm.ch\/wp-content\/uploads\/2022\/02\/Fortbildung-mit-Robert-Durso-am-11.-und-25.03.2022.pdf\">Formation continue\u00a0<span style=\"font-weight: 600;\">aves<\/span>\u00a0Robert Durso &#8211;\u00a011 et 25 Mars, 2022<\/a><\/p>\n<p><strong>International Online-Symposium \u00ab\u00a0Art in Motion 2021 &#8211; RHYTHM!\u00a0\u00bb, le 4 et 5 Juin 2021 &#8211;<\/strong> <a href=\"http:\/\/www.shzm.ch\/wp-content\/uploads\/2021\/04\/Symposium-Art-in-Motion-Munchen-04-05.06.2021-E.pdf\">voir flyer ici<\/a>.<\/p>\n<p><strong>Symposium \u00ab\u00a0Pr\u00e4vention und Behandlung bei Musikern\u00a0\u00bb, Rh\u00f6n-Klinikum, Campus Bad Neustadt <\/strong>&#8211; 24.\/25.05.2019<\/p>\n<p><strong>L&rsquo;entra\u00eenement mentale pour des activit\u00e9s quotidiennes comme musicien(ne) professionnel(le)<\/strong> &#8211; enseignement et d\u00e9veloppement par Prof. Dr. Horst Hildebrandt et Judith Buchmann &#8211; 30.03.2019<\/p>\n<p><strong>Objective Criteria for the Individual Selection of a Physiologically Advantageous Violin Position<\/strong> &#8211; enseignement et d\u00e9veloppement par Dr. Oliver Margulies &#8211; 03.12.2018<\/p>\n<p><strong>Le focus de l&rsquo;attention sur sc\u00e8ne: Comment les erreurs se produisent ou peuvent \u00eatre \u00e9vit\u00e9es<\/strong> &#8211; enseignement et d\u00e9veloppement par Prof. Dr. Adina Mornell (Munich)\u00a0&#8211; 20.04.2018<\/p>\n<p><strong>La diagnostique moderne de la voix<\/strong> &#8211; enseignement et d\u00e9veloppement par Dr. J\u00f6rg Bohlender &#8211; 29.05.2015<\/p>\n<p><strong>Fascination pour le fascia<\/strong> &#8211; enseignement et d\u00e9veloppement par Dr. Robert Schleip (Ulm) &#8211; 16.1.2015<\/p>\n<p><strong>Ce que des musiciens peuvent apprendre des magiciens <\/strong>&#8211; einseignement et d\u00e9veloppement par Helmut Wiegiehser &#8211; 24.5.2013<\/p>\n<p><strong>Le Larynx et son Interaction Physiologique Pendant le Chant<\/strong> \u2013 enseignement et d\u00e9veloppement par Johannes Michael Blume \u2013 20.4.2012<\/p>\n<p><strong>Symposium \u201cMusique et Sant\u00e9\u201d. <\/strong>Universit\u00e9 de Berne pour les Arts \u2013 29.4.2011<\/p>\n<p><strong>Comparaison des Mains en Action <\/strong>\u2013 enseignement et d\u00e9veloppement par Oliver Margulies MA, MAS Physiologie de la Musique \u2013 20.01.2011<\/p>\n<p><strong>Neurophysiologie de l\u2019Enseignement Moteur en Cr\u00e9ation Musicale (chant) et Danse <\/strong>\u2013 enseignement et d\u00e9veloppement par le Dr. rer. nat. Dipl. Psychologue Victor Candia, Mars- Mai 2010<\/p>\n<p><strong>Comprendre les Mains des Musiciens \/Physiologie de la Musique, Regards sur le Pass\u00e9 et sur le Futur <\/strong>\u2013 enseignement et d\u00e9veloppement par le Prof. Dr. Christoph Wagner et Ulrike Wohlwender \u2013 16.10.2009<\/p>\n<p><strong>Puissance Contenue \u00e0 l\u2019Int\u00e9rieur du Corps <\/strong>&#8211; enseignement et d\u00e9veloppement par Benita Cantieni \u2013 1.11.2008<\/p>\n<p><strong>Comment la Peur P\u00e9n\u00e8tre le Cerveau et Peut \u00catre Gu\u00e9rie par la Pers\u00e9v\u00e9rance <\/strong>&#8211; enseignement et d\u00e9veloppement par le Dr. med. Joe H\u00e4ttenschwiler \u2013 5.4.2008<\/p>\n<p><strong>Entra\u00eenement de la Respiration et Attitude Corporelle en Musique, dans la Mise en Place de l\u2019Enseignement Instrumental &#8211;<\/strong> enseignement et d\u00e9veloppement par le Prof. Dr. Wolfgang R\u00fcdiger \u2013 10.12.2007<\/p>\n<p><strong>Neurosciences et P\u00e9dagogie Musicale dans un Dialogue Interdisciplinaire <\/strong>&#8211; enseignement et d\u00e9veloppement par le Dr. rer. nat. Dipl. Psychologiste Victor Candia \u2013 10.12.2007<\/p>\n<p><strong>Introduction \u00e0 la M\u00e9thode \u00ab\u00a0Spirale Dynamique\u00a0\u00bb pour Musiciens <\/strong>&#8211; enseignement et d\u00e9veloppement par le Dr. med. Christian Larsen, cr\u00e9ateur de la M\u00e9thode de \u00ab\u00a0Spirale Dynamique\u00a0\u00bb \u2013 27.1.2007<\/p>\n<p><strong>Pr\u00e9vention et Th\u00e9rapie de la Dystonie Focale \u00a0<\/strong>&#8211; enseignement et d\u00e9veloppement par Laurent Boullet \u2013 16.6.2006<\/p>\n<p><strong>Inauguration de la SHZM \u2013 Main et Instrument <\/strong>\u2013 Conf\u00e9rencier : Prof. Dr. med. Christoph Wagner \u2013 9.5.2006<\/p>\n","protected":false},"excerpt":{"rendered":"<p>Suggestions pour cours et pr\u00e9sentations<\/p>\n<p>_____________________________________________________________________________________________<\/p>\n<p>Pour les propositions suivantes, pas de version anglaise disponible actuellement.<\/p>\n<p>Pour toute information ult\u00e9rieure sur un sujet sp\u00e9cifique, merci de contacter le Prof. Dr. med. Horst Hildebrandt ou naviguez \u00e0 la page allemande pour t\u00e9l\u00e9charger de la documentation sur les cours.<\/p>\n<p>International Symposium Art in Motion 2025 &#8211; The [&#8230;]<\/p>\n","protected":false},"author":1,"featured_media":0,"parent":0,"menu_order":8,"comment_status":"open","ping_status":"closed","template":"","meta":{"footnotes":""},"class_list":["post-514","page","type-page","status-publish","hentry","odd"],"_links":{"self":[{"href":"https:\/\/www.shzm.ch\/fr\/wp-json\/wp\/v2\/pages\/514","targetHints":{"allow":["GET"]}}],"collection":[{"href":"https:\/\/www.shzm.ch\/fr\/wp-json\/wp\/v2\/pages"}],"about":[{"href":"https:\/\/www.shzm.ch\/fr\/wp-json\/wp\/v2\/types\/page"}],"author":[{"embeddable":true,"href":"https:\/\/www.shzm.ch\/fr\/wp-json\/wp\/v2\/users\/1"}],"replies":[{"embeddable":true,"href":"https:\/\/www.shzm.ch\/fr\/wp-json\/wp\/v2\/comments?post=514"}],"version-history":[{"count":33,"href":"https:\/\/www.shzm.ch\/fr\/wp-json\/wp\/v2\/pages\/514\/revisions"}],"predecessor-version":[{"id":1716,"href":"https:\/\/www.shzm.ch\/fr\/wp-json\/wp\/v2\/pages\/514\/revisions\/1716"}],"wp:attachment":[{"href":"https:\/\/www.shzm.ch\/fr\/wp-json\/wp\/v2\/media?parent=514"}],"curies":[{"name":"wp","href":"https:\/\/api.w.org\/{rel}","templated":true}]}}