{"id":494,"date":"2011-10-15T11:53:41","date_gmt":"2011-10-15T11:53:41","guid":{"rendered":"http:\/\/www.shzm.ch\/?page_id=494"},"modified":"2011-10-15T22:29:35","modified_gmt":"2011-10-15T22:29:35","slug":"ausblick-french","status":"publish","type":"page","link":"https:\/\/www.shzm.ch\/fr\/ausblick-french\/","title":{"rendered":"Perspectives"},"content":{"rendered":"<p>Apr\u00e8s presque 30 ann\u00e9es de recherche accrue dans les domaines de la physiologie musicale et de la m\u00e9decine musicale, au cours desquelles ont \u00e9t\u00e9 men\u00e9es de nombreuses \u00e9tudes alarmantes sur la probl\u00e9matique de la sant\u00e9 des musiciens et musiciennes, la fondation du SHZM est en mesure de fournir \u2013 \u00e0 l\u2019\u00e9chelle des Hautes Ecoles de Musique et Ecoles de Musique de Suisse \u2013 des impulsions importantes en mati\u00e8re de pr\u00e9vention\u00a0 des probl\u00e8mes de sant\u00e9 li\u00e9s \u00e0 la pratique de la musique. Gr\u00e2ce aux connaissances en physiologie musicale et \u00e0 la recherche dans ce domaine, on vise \u00e0 am\u00e9liorer la formation des \u00e9tudiantes et \u00e9tudiants des Hautes Ecoles Suisses de Musique. Parall\u00e8lement, les offres et les possibilit\u00e9s de formation continue destin\u00e9es aux musiciens professionnels doivent \u00eatre d\u00e9velopp\u00e9es et \u00e9largies dans l\u2019esprit et selon les prescriptions de la R\u00e9forme de Bologne.<\/p>\n<p>L\u2019avantage d\u00e9terminant du SHZM vis-\u00e0-vis des USA et des autres pays europ\u00e9ens tient au fait que les d\u00e9partements qui coop\u00e8rent ainsi que les intervenants sont bien int\u00e9gr\u00e9s dans le quotidien de la formation et dans le corps enseignant des Hautes Ecoles respectives. On \u00e9vite ainsi le danger de constituer une unit\u00e9 en marge des Ecoles et qui serait priv\u00e9e de la confiance et du soutien des \u00e9tudiants et du corps enseignant. Bien que le domaine de la physiologie musicale n\u00e9cessite au sein des Hautes Ecoles Suisses de Musique \u00a0des comp\u00e9tences m\u00e9dicales et th\u00e9rapeutiques engag\u00e9es dans la recherche scientifique, celles-ci doivent constamment \u00eatre au service des t\u00e2ches essentielles d\u2019une Haute Ecole, et \u00eatre disponibles pour la formation et le d\u00e9veloppement des capacit\u00e9s artistiques et p\u00e9dagogiques. C\u2019est dans cet esprit d\u2019ouverture que la notion de \u201ephysiologie musicale\u201c, qui donne son nom au du Centre, doit \u00eatre comprise. De beaux succ\u00e8s peuvent \u00eatre obtenus dans le traitement de la majorit\u00e9 des troubles fonctionnels li\u00e9s \u00e0 la pratique de la musique, si l\u2019on parvient \u00e0 d\u00e9velopper chez les personnes concern\u00e9es des comp\u00e9tences pour se prendre en charge elles-m\u00eames et g\u00e9rer elles-m\u00eames ces troubles.<\/p>\n","protected":false},"excerpt":{"rendered":"<p>Apr\u00e8s presque 30 ann\u00e9es de recherche accrue dans les domaines de la physiologie musicale et de la m\u00e9decine musicale, au cours desquelles ont \u00e9t\u00e9 men\u00e9es de nombreuses \u00e9tudes alarmantes sur la probl\u00e9matique de la sant\u00e9 des musiciens et musiciennes, la fondation du SHZM est en mesure de fournir \u2013 \u00e0 l\u2019\u00e9chelle des Hautes Ecoles de [&#8230;]<\/p>\n","protected":false},"author":1,"featured_media":0,"parent":0,"menu_order":4,"comment_status":"open","ping_status":"open","template":"","meta":{"footnotes":""},"class_list":["post-494","page","type-page","status-publish","hentry","odd"],"_links":{"self":[{"href":"https:\/\/www.shzm.ch\/fr\/wp-json\/wp\/v2\/pages\/494","targetHints":{"allow":["GET"]}}],"collection":[{"href":"https:\/\/www.shzm.ch\/fr\/wp-json\/wp\/v2\/pages"}],"about":[{"href":"https:\/\/www.shzm.ch\/fr\/wp-json\/wp\/v2\/types\/page"}],"author":[{"embeddable":true,"href":"https:\/\/www.shzm.ch\/fr\/wp-json\/wp\/v2\/users\/1"}],"replies":[{"embeddable":true,"href":"https:\/\/www.shzm.ch\/fr\/wp-json\/wp\/v2\/comments?post=494"}],"version-history":[{"count":2,"href":"https:\/\/www.shzm.ch\/fr\/wp-json\/wp\/v2\/pages\/494\/revisions"}],"predecessor-version":[{"id":624,"href":"https:\/\/www.shzm.ch\/fr\/wp-json\/wp\/v2\/pages\/494\/revisions\/624"}],"wp:attachment":[{"href":"https:\/\/www.shzm.ch\/fr\/wp-json\/wp\/v2\/media?parent=494"}],"curies":[{"name":"wp","href":"https:\/\/api.w.org\/{rel}","templated":true}]}}