{"id":489,"date":"2011-10-15T11:49:54","date_gmt":"2011-10-15T11:49:54","guid":{"rendered":"http:\/\/www.shzm.ch\/?page_id=489"},"modified":"2011-10-15T22:28:49","modified_gmt":"2011-10-15T22:28:49","slug":"struktur-french","status":"publish","type":"page","link":"https:\/\/www.shzm.ch\/fr\/struktur-french\/","title":{"rendered":"Structure"},"content":{"rendered":"<p>Le centre de physiologie musicale des Hautes Ecoles de Musique de Suisse est constitu\u00e9 par la coop\u00e9ration et par une communaut\u00e9 d\u2019int\u00e9r\u00eats des d\u00e9partements actifs en physiologie musicale et m\u00e9decine musicale de ces Hautes Ecoles de Musique de Suisse . Sous l\u2019\u00e9gide de la conf\u00e9rence des Hautes Ecoles de Musique de Suisse \u00a0(Konferenz Musikhochschulen Schweiz KMHS) le SHZM soutient la coop\u00e9ration et les \u00e9changes entre les Hautes Ecoles et les repr\u00e9sente lors de congr\u00e8s internationaux et dans les revues sp\u00e9cialis\u00e9es. La bonne collaboration entre les associations professionnelles nationales et internationales se poursuivra et sera approfondie au besoin. Chaque Haute Ecole participe de sa propre initiative et sous sa propre responsabilit\u00e9 et elle ouvrira ses s\u00e9minaires \u00e0 l\u2019\u00e9chelle nationale.<\/p>\n","protected":false},"excerpt":{"rendered":"<p>Le centre de physiologie musicale des Hautes Ecoles de Musique de Suisse est constitu\u00e9 par la coop\u00e9ration et par une communaut\u00e9 d\u2019int\u00e9r\u00eats des d\u00e9partements actifs en physiologie musicale et m\u00e9decine musicale de ces Hautes Ecoles de Musique de Suisse . Sous l\u2019\u00e9gide de la conf\u00e9rence des Hautes Ecoles de Musique de Suisse (Konferenz Musikhochschulen Schweiz [&#8230;]<\/p>\n","protected":false},"author":1,"featured_media":0,"parent":0,"menu_order":3,"comment_status":"open","ping_status":"open","template":"","meta":{"footnotes":""},"class_list":["post-489","page","type-page","status-publish","hentry","odd"],"_links":{"self":[{"href":"https:\/\/www.shzm.ch\/fr\/wp-json\/wp\/v2\/pages\/489","targetHints":{"allow":["GET"]}}],"collection":[{"href":"https:\/\/www.shzm.ch\/fr\/wp-json\/wp\/v2\/pages"}],"about":[{"href":"https:\/\/www.shzm.ch\/fr\/wp-json\/wp\/v2\/types\/page"}],"author":[{"embeddable":true,"href":"https:\/\/www.shzm.ch\/fr\/wp-json\/wp\/v2\/users\/1"}],"replies":[{"embeddable":true,"href":"https:\/\/www.shzm.ch\/fr\/wp-json\/wp\/v2\/comments?post=489"}],"version-history":[{"count":3,"href":"https:\/\/www.shzm.ch\/fr\/wp-json\/wp\/v2\/pages\/489\/revisions"}],"predecessor-version":[{"id":623,"href":"https:\/\/www.shzm.ch\/fr\/wp-json\/wp\/v2\/pages\/489\/revisions\/623"}],"wp:attachment":[{"href":"https:\/\/www.shzm.ch\/fr\/wp-json\/wp\/v2\/media?parent=489"}],"curies":[{"name":"wp","href":"https:\/\/api.w.org\/{rel}","templated":true}]}}