{"id":477,"date":"2011-10-15T11:42:47","date_gmt":"2011-10-15T11:42:47","guid":{"rendered":"http:\/\/www.shzm.ch\/?page_id=477"},"modified":"2011-10-15T22:27:58","modified_gmt":"2011-10-15T22:27:58","slug":"ausgangslage-french","status":"publish","type":"page","link":"https:\/\/www.shzm.ch\/fr\/ausgangslage-french\/","title":{"rendered":"Situation initiale"},"content":{"rendered":"<p>Les exp\u00e9riences pratiques accumul\u00e9es et les r\u00e9sultats des recherches de ces derni\u00e8res ann\u00e9es, montrent que la formation en physiologie des hautes \u00e9coles de musique suisses est capable d\u2019augmenter de fa\u00e7on r\u00e9jouissante la satisfaction, la productivit\u00e9 et le bien-\u00eatre des p\u00e9dagogues et \u00e9tudiants.\u00a0Ceci est particuli\u00e8rement vrai pour les formations destin\u00e9es aux futurs p\u00e9dagogues responsables du d\u00e9veloppement de la p\u00e9dagogie musicale. Lors de congr\u00e8s internationaux, les activit\u00e9s des hautes \u00e9coles de musique suisses se r\u00e9v\u00e8lent exemplaires. Au gr\u00e9 des nombreux \u00e9changes qu\u2019ont entretenus les formateurs impliqu\u00e9s, l\u2019id\u00e9e a germ\u00e9 de r\u00e9unir les comp\u00e9tences des divers d\u00e9partements de formation et de recherche des hautes \u00e9coles dans le cadre d\u2019un centre commun. Un tel centre permettrait de former la prochaine g\u00e9n\u00e9ration de p\u00e9dagogues en physiologie musicale au sein des Hautes Ecoles de Musique et des \u00e9coles de musique Suisses.<\/p>\n","protected":false},"excerpt":{"rendered":"<p>Les exp\u00e9riences pratiques accumul\u00e9es et les r\u00e9sultats des recherches de ces derni\u00e8res ann\u00e9es, montrent que la formation en physiologie des hautes \u00e9coles de musique suisses est capable d\u2019augmenter de fa\u00e7on r\u00e9jouissante la satisfaction, la productivit\u00e9 et le bien-\u00eatre des p\u00e9dagogues et \u00e9tudiants. Ceci est particuli\u00e8rement vrai pour les formations destin\u00e9es aux futurs p\u00e9dagogues responsables du [&#8230;]<\/p>\n","protected":false},"author":1,"featured_media":0,"parent":0,"menu_order":1,"comment_status":"open","ping_status":"open","template":"","meta":{"footnotes":""},"class_list":["post-477","page","type-page","status-publish","hentry","odd"],"_links":{"self":[{"href":"https:\/\/www.shzm.ch\/fr\/wp-json\/wp\/v2\/pages\/477","targetHints":{"allow":["GET"]}}],"collection":[{"href":"https:\/\/www.shzm.ch\/fr\/wp-json\/wp\/v2\/pages"}],"about":[{"href":"https:\/\/www.shzm.ch\/fr\/wp-json\/wp\/v2\/types\/page"}],"author":[{"embeddable":true,"href":"https:\/\/www.shzm.ch\/fr\/wp-json\/wp\/v2\/users\/1"}],"replies":[{"embeddable":true,"href":"https:\/\/www.shzm.ch\/fr\/wp-json\/wp\/v2\/comments?post=477"}],"version-history":[{"count":2,"href":"https:\/\/www.shzm.ch\/fr\/wp-json\/wp\/v2\/pages\/477\/revisions"}],"predecessor-version":[{"id":621,"href":"https:\/\/www.shzm.ch\/fr\/wp-json\/wp\/v2\/pages\/477\/revisions\/621"}],"wp:attachment":[{"href":"https:\/\/www.shzm.ch\/fr\/wp-json\/wp\/v2\/media?parent=477"}],"curies":[{"name":"wp","href":"https:\/\/api.w.org\/{rel}","templated":true}]}}