{"id":522,"date":"2011-10-15T12:05:01","date_gmt":"2011-10-15T12:05:01","guid":{"rendered":"http:\/\/www.shzm.ch\/?page_id=522"},"modified":"2018-04-24T15:36:45","modified_gmt":"2018-04-24T15:36:45","slug":"kontakt-english","status":"publish","type":"page","link":"https:\/\/www.shzm.ch\/en\/kontakt-english\/","title":{"rendered":"Contact"},"content":{"rendered":"<p><strong>Swiss University Center for Music Physiology<\/strong><\/p>\n<p><strong><strong>c\/o\u00a0<a href=\"https:\/\/www.zhdk.ch\/person\/150695\">Prof. Dr. med. Dipl. Mus. Horst Hildebrandt<\/a>,\u00a0Bereich Musikphysiologie \/ Musik- und Pr\u00e4ventivmedizin\u00a0Z\u00fcrcher Hochschule der K\u00fcnste ZHdK und\u00a0Musikhochschulen FHNW<\/strong><\/strong><\/p>\n<p><strong><strong><strong>Pfingstweidstr. 96, Pf., CH-8031 Z\u00fcrich<\/strong> \/ Leonhardstr.6, Pf., CH-4003 Basel E-mail: horst.hildebrandt@zhdk.ch +41(0)43 446 51 20<\/strong><\/strong><\/p>\n","protected":false},"excerpt":{"rendered":"<p>Swiss University Center for Music Physiology<\/p>\n<p>c\/o Prof. Dr. med. Dipl. Mus. Horst Hildebrandt, Bereich Musikphysiologie \/ Musik- und Pr\u00e4ventivmedizin Z\u00fcrcher Hochschule der K\u00fcnste ZHdK und Musikhochschulen FHNW<\/p>\n<p>Pfingstweidstr. 96, Pf., CH-8031 Z\u00fcrich \/ Leonhardstr.6, Pf., CH-4003 Basel E-mail: horst.hildebrandt@zhdk.ch +41(0)43 446 51 20<\/p>\n","protected":false},"author":1,"featured_media":0,"parent":0,"menu_order":10,"comment_status":"open","ping_status":"open","template":"","meta":{"footnotes":""},"class_list":["post-522","page","type-page","status-publish","hentry","odd"],"_links":{"self":[{"href":"https:\/\/www.shzm.ch\/en\/wp-json\/wp\/v2\/pages\/522","targetHints":{"allow":["GET"]}}],"collection":[{"href":"https:\/\/www.shzm.ch\/en\/wp-json\/wp\/v2\/pages"}],"about":[{"href":"https:\/\/www.shzm.ch\/en\/wp-json\/wp\/v2\/types\/page"}],"author":[{"embeddable":true,"href":"https:\/\/www.shzm.ch\/en\/wp-json\/wp\/v2\/users\/1"}],"replies":[{"embeddable":true,"href":"https:\/\/www.shzm.ch\/en\/wp-json\/wp\/v2\/comments?post=522"}],"version-history":[{"count":6,"href":"https:\/\/www.shzm.ch\/en\/wp-json\/wp\/v2\/pages\/522\/revisions"}],"predecessor-version":[{"id":1046,"href":"https:\/\/www.shzm.ch\/en\/wp-json\/wp\/v2\/pages\/522\/revisions\/1046"}],"wp:attachment":[{"href":"https:\/\/www.shzm.ch\/en\/wp-json\/wp\/v2\/media?parent=522"}],"curies":[{"name":"wp","href":"https:\/\/api.w.org\/{rel}","templated":true}]}}