{"id":512,"date":"2011-10-15T12:01:06","date_gmt":"2011-10-15T12:01:06","guid":{"rendered":"http:\/\/www.shzm.ch\/?page_id=512"},"modified":"2025-05-16T06:24:27","modified_gmt":"2025-05-16T06:24:27","slug":"aktuellesveranstaltungen-english","status":"publish","type":"page","link":"https:\/\/www.shzm.ch\/en\/aktuellesveranstaltungen-english\/","title":{"rendered":"Current Activities\/Events"},"content":{"rendered":"<p><strong><span style=\"text-decoration: underline;\">Suggestions for courses and presentations<\/span><\/strong><\/p>\n<p>______________________________________<\/p>\n<p><strong>For the following suggestions, no English version is currently available. <\/strong><\/p>\n<p><strong>For further information on a specific topic, please contact <\/strong><strong><a href=\"https:\/\/www.zhdk.ch\/person\/150695\">Prof. Dr. med. Horst Hildebrandt<\/a>, or visit the <a href=\"http:\/\/www.shzm.ch\/aktuelles-veranstaltungen\/\">German page<\/a> to download documentation.<\/strong><\/p>\n<p><strong>International Symposium Art in Motion 2025 &#8211; The Drive to Thrive &#8211; <a href=\"http:\/\/www.shzm.ch\/wp-content\/uploads\/2025\/05\/Internationales-Symposium-Art-in-Motion-2025-The-Drive-to-Thrive.pdf\">Flyer<\/a><\/strong><\/p>\n<p><em><b>Professional Ear User \u2013 <\/b><\/em><b><em>Pr\u00e4vention und Therapie von Erkrankungen eines professionellen Geh\u00f6rs<\/em><span class=\"Apple-converted-space\">\u00a0&#8211; <\/span><\/b><strong><span class=\"Apple-converted-space\">further education on the 24.10.2023\u00a0with<\/span><\/strong><span class=\"Apple-converted-space\"> <a href=\"http:\/\/www.shzm.ch\/wp-content\/uploads\/2023\/08\/Fortbildung-mit-D.-Bachinger-u.-D.-Veraguth-am-24.10.2023-.pdf\">Dr. Dr. David\u00a0B\u00e4uchiger and KD Dr. Dorothe Veraguth<\/a><\/span><\/p>\n<p><strong>International Online-Symposium &#8220;Art in Motion 2023 &#8211; Motivation&#8221; June 2nd and 3rd, 2023<\/strong>\u00a0&#8211; <a href=\"http:\/\/www.shzm.ch\/wp-content\/uploads\/2023\/01\/Symposium-Art-in-Motion_Munchen-02-03062023.pdf\">see flyer here.<\/a><\/p>\n<p><b>Introduction to The Taubman Approach:\u00a0a blueprint for injury prevention and the\u00a0development of virtuosity and ease. <\/b><a href=\"http:\/\/www.shzm.ch\/wp-content\/uploads\/2022\/02\/Fortbildung-mit-Robert-Durso-am-11.-und-25.03.2022.pdf\">Further Education with Robert Durso &#8211;\u00a011th and 25th of March, 2022<\/a><\/p>\n<p><strong>International Online-Symposium &#8220;Art in Motion 2021 &#8211; RHYTHM!&#8221; June 4th and 5th, 2021 &#8211;<\/strong> <a href=\"http:\/\/www.shzm.ch\/wp-content\/uploads\/2021\/04\/Symposium-Art-in-Motion-Munchen-04-05.06.2021-E.pdf\">see flyer here<\/a>.<\/p>\n<p><strong>Symposium &#8220;Pr\u00e4vention und Behandlung bei Musikern&#8221;, Rh\u00f6n-Klinikum, Campus Bad Neustadt <\/strong>&#8211; 24.\/25.05.2019<\/p>\n<p><strong>Mental Training for\u00a0Everyday Professional Use in Music <\/strong>&#8211; further education with Prof. Dr. Horst Hildebrandt und Judith Buchmann &#8211; 30.03.2019<\/p>\n<p><strong>Practice Methodology and Attentional Processes in Music Performance<\/strong> &#8211;\u00a0further education with Dr. L\u00e1szl\u00f3 Stach\u00f3 (Budapest)<\/p>\n<p><strong>Objective Criteria for the Individual Selection of a Physiologically Advantageous Violin Position<\/strong> &#8211; further education with Dr. Oliver Margulies &#8211; 03.12.2018<\/p>\n<p><strong>Attentional Focus on Stage: How Mistakes Occur or How they can be Avoided <\/strong>&#8211; further education with\u00a0Prof. Dr. Adina Mornell (Munich) &#8211; 20.04.2018<\/p>\n<p><strong>What Is Modern Voice Diagnostics?<\/strong> &#8211; further education with Dr. J\u00f6rg Bohlender &#8211; 29.05.2015<\/p>\n<p><strong>Fascinating Fascia<\/strong> &#8211; further education with Dr. Robert Schleip (Ulm) &#8211; 16.1.2015<\/p>\n<p><strong>What Musicians Can Learn From Magicians<\/strong> &#8211; further education with Helmut Wiegiehser &#8211; 24.5.2013<\/p>\n<p><strong>The Larynx and its Physiological Interaction While Singing <\/strong>&#8211; further education with Johannes Michael Blume &#8211; 20.4.2012<\/p>\n<p><strong>Symposium \u201cMusic and Health\u201d. <\/strong>Berne University of the Arts &#8211; 29.4.2011<\/p>\n<p><strong>Comparing Performing Hands <\/strong>&#8211; further education with Oliver Margulies MA, MAS Music Physiology &#8211; 20.01.2011<\/p>\n<p><strong>Neurophysiology of Motor Learning in Music-making (singing) and Dancing <\/strong>&#8211; further education with Dr. rer. nat. Dipl. Psychologist Victor Candia, March &#8211; May 2010<\/p>\n<p><strong>Understanding Musicians\u2019 Hands\/Music Physiology, Looking back, looking ahead <\/strong>&#8211; further education with Prof. Dr. Christoph Wagner and Ulrike Wohlwender &#8211; 16.10.2009<\/p>\n<p><strong>Power from within the Body\u2019s Midst <\/strong>&#8211; further education with Benita Cantieni &#8211; 1.11.2008<\/p>\n<p><strong>How Fear Enters the Head and Can Be Done Away With Again <\/strong>&#8211; further education with Dr. med. Joe H\u00e4ttenschwiler &#8211; 5.4.2008<\/p>\n<p><strong>Musical Training of Respiration and Bodywork in the Instrumental<\/strong> <strong>teaching setting <\/strong>&#8211; further education with Prof. Dr. Wolfgang R\u00fcdiger &#8211; 10.12.2007<\/p>\n<p><strong>Neurosciences and Music Pedagogy in an Interdisciplinary Dialogue <\/strong>&#8211; further education with Dr. rer. nat. Dipl. Psychologist Victor Candia &#8211; 10.12.2007<\/p>\n<p><strong>Introduction to Spiral Dynamics for Musicians <\/strong>&#8211; further education with Dr. med. Christian Larsen, founder of the Spiral Dynamics method &#8211; 27.1.2007<\/p>\n<p><strong>Prevention and Therapy of Focal Dystonia <\/strong>&#8211; further education with Laurent Boullet &#8211; 16.6.2006<\/p>\n<p><strong>Inauguration of the the SHZM &#8211; Hand and Instrument <\/strong>&#8211; Speaker: Prof. Dr. med. Christoph Wagner &#8211; 9.5.2006<\/p>\n","protected":false},"excerpt":{"rendered":"<p>Suggestions for courses and presentations<\/p>\n<p>______________________________________<\/p>\n<p>For the following suggestions, no English version is currently available. <\/p>\n<p>For further information on a specific topic, please contact Prof. Dr. med. Horst Hildebrandt, or visit the German page to download documentation.<\/p>\n<p>International Symposium Art in Motion 2025 &#8211; The Drive to Thrive &#8211; Flyer<\/p>\n<p>Professional Ear User [&#8230;]<\/p>\n","protected":false},"author":1,"featured_media":0,"parent":0,"menu_order":8,"comment_status":"open","ping_status":"closed","template":"","meta":{"footnotes":""},"class_list":["post-512","page","type-page","status-publish","hentry","odd"],"_links":{"self":[{"href":"https:\/\/www.shzm.ch\/en\/wp-json\/wp\/v2\/pages\/512","targetHints":{"allow":["GET"]}}],"collection":[{"href":"https:\/\/www.shzm.ch\/en\/wp-json\/wp\/v2\/pages"}],"about":[{"href":"https:\/\/www.shzm.ch\/en\/wp-json\/wp\/v2\/types\/page"}],"author":[{"embeddable":true,"href":"https:\/\/www.shzm.ch\/en\/wp-json\/wp\/v2\/users\/1"}],"replies":[{"embeddable":true,"href":"https:\/\/www.shzm.ch\/en\/wp-json\/wp\/v2\/comments?post=512"}],"version-history":[{"count":39,"href":"https:\/\/www.shzm.ch\/en\/wp-json\/wp\/v2\/pages\/512\/revisions"}],"predecessor-version":[{"id":1715,"href":"https:\/\/www.shzm.ch\/en\/wp-json\/wp\/v2\/pages\/512\/revisions\/1715"}],"wp:attachment":[{"href":"https:\/\/www.shzm.ch\/en\/wp-json\/wp\/v2\/media?parent=512"}],"curies":[{"name":"wp","href":"https:\/\/api.w.org\/{rel}","templated":true}]}}