{"id":484,"date":"2011-10-15T11:46:30","date_gmt":"2011-10-15T11:46:30","guid":{"rendered":"http:\/\/www.shzm.ch\/?page_id=484"},"modified":"2025-01-19T12:50:35","modified_gmt":"2025-01-19T12:50:35","slug":"zieleprojekte-french","status":"publish","type":"page","link":"http:\/\/www.shzm.ch\/fr\/zieleprojekte-french\/","title":{"rendered":"Buts\/Projets"},"content":{"rendered":"<p>Le SHZM veut contribuer au soutien et au d\u00e9veloppement continu dans le domaine de la physiologie musicale pratiqu\u00e9e aux hautes \u00e9coles de musique suisses , en reliant plusieurs \u00e9coles pour un projet commun plus important. Dans ces projets en cours depuis 2002 d\u00e9j\u00e0, y seront entre autre associ\u00e9es les universit\u00e9s de Lausanne et Zurich, ETH Z\u00fcrich ainsi que d\u2019autres institutions de recherche suisses ou \u00e9trang\u00e8res.\u00a0Le SHZM soutient les\u00a0<a href=\"https:\/\/www.zhdk.ch\/en\/departments\/dmu\/musicphysiology\/continuing-education-courses-in-music-physiology-22148\">cycles de formation continue en physiologie musicale<\/a>menant aux certificats de CAS, DAS et le Master of Advanced Studies (MAS), formation \u00e9labor\u00e9e en coop\u00e9ration par des professeurs de plusieurs hautes \u00e9coles de musique. Ces \u00e9tudes seront \u00e0 poursuivre parall\u00e8lement \u00e0 un emploi conform\u00e9ment au processus des R\u00e9formes de Bologne.<\/p>\n<p>A l\u2019heure actuelle cette fili\u00e8re est organis\u00e9e par la ZHdK, Z\u00fcrcher Hochschule der K\u00fcnste. Les dipl\u00f4m\u00e9s DAS et MAS constituent le pool des formateurs \u00e0 disposition des institutions de musique. Plusieurs hautes \u00e9coles de musique et \u00e9coles de musique ont int\u00e9gr\u00e9 dans leur curriculum des cours en physiologie musicale et des consultations avec des dipl\u00f4m\u00e9s en formation continue. Depuis la fondation du SHZM diverses hautes \u00e9coles de musique organisent de nombreux s\u00e9minaires de formation continue bien fr\u00e9quent\u00e9s, dirig\u00e9s par des intervenants et intervenantes de r\u00e9putation internationale. Ces s\u00e9minaires sont \u00e0 acc\u00e8s libre pour \u00e9tudiants, intervenants et participants des cours de formation continue et sont publi\u00e9s \u00e0 l\u2019\u00e9chelle nationale. Les comptes rendus sont disponibles en cliquant\u00a0<a href=\"http:\/\/www.shzm.ch\/?page_id=514&amp;lang=fr\">ici<\/a>.<\/p>\n<p>L\u2019autorisation officielle d\u2019acc\u00e8s \u00e0 tous les s\u00e9minaires et toutes les consultations de leur domaines respectifs pour \u00e9tudiants et intervenants permet une intensification de la coop\u00e9ration d\u00e9j\u00e0 en cours entre les hautes \u00e9coles de musique et sert aussi de mod\u00e8le \u00e0 l\u2019\u00e9chelle internationale. Le SHMZ continuera \u00e0 mettre l\u2019accent sur l\u2019extension de l\u2019offre d\u2019\u00e9tudes en physiologie musicale \u00e0 toutes les hautes \u00e9coles suisses de musique. Pour ce processus, on cherche \u00e0 augmenter et int\u00e9grer de plus en plus les p\u00e9dagogues du mouvement, des th\u00e9rapeutes et m\u00e9decins disponibles sur place.<\/p>\n","protected":false},"excerpt":{"rendered":"<p>Le SHZM veut contribuer au soutien et au d\u00e9veloppement continu dans le domaine de la physiologie musicale pratiqu\u00e9e aux hautes \u00e9coles de musique suisses , en reliant plusieurs \u00e9coles pour un projet commun plus important. Dans ces projets en cours depuis 2002 d\u00e9j\u00e0, y seront entre autre associ\u00e9es les universit\u00e9s de Lausanne et Zurich, ETH [&#8230;]<\/p>\n","protected":false},"author":1,"featured_media":0,"parent":0,"menu_order":2,"comment_status":"open","ping_status":"closed","template":"","meta":{"footnotes":""},"class_list":["post-484","page","type-page","status-publish","hentry","odd"],"_links":{"self":[{"href":"http:\/\/www.shzm.ch\/fr\/wp-json\/wp\/v2\/pages\/484","targetHints":{"allow":["GET"]}}],"collection":[{"href":"http:\/\/www.shzm.ch\/fr\/wp-json\/wp\/v2\/pages"}],"about":[{"href":"http:\/\/www.shzm.ch\/fr\/wp-json\/wp\/v2\/types\/page"}],"author":[{"embeddable":true,"href":"http:\/\/www.shzm.ch\/fr\/wp-json\/wp\/v2\/users\/1"}],"replies":[{"embeddable":true,"href":"http:\/\/www.shzm.ch\/fr\/wp-json\/wp\/v2\/comments?post=484"}],"version-history":[{"count":8,"href":"http:\/\/www.shzm.ch\/fr\/wp-json\/wp\/v2\/pages\/484\/revisions"}],"predecessor-version":[{"id":1708,"href":"http:\/\/www.shzm.ch\/fr\/wp-json\/wp\/v2\/pages\/484\/revisions\/1708"}],"wp:attachment":[{"href":"http:\/\/www.shzm.ch\/fr\/wp-json\/wp\/v2\/media?parent=484"}],"curies":[{"name":"wp","href":"https:\/\/api.w.org\/{rel}","templated":true}]}}