{"id":1019,"date":"2018-04-23T15:34:56","date_gmt":"2018-04-23T15:34:56","guid":{"rendered":"http:\/\/www.shzm.ch\/?page_id=1019"},"modified":"2026-04-06T19:18:49","modified_gmt":"2026-04-06T19:18:49","slug":"home","status":"publish","type":"page","link":"http:\/\/www.shzm.ch\/en\/","title":{"rendered":"Home"},"content":{"rendered":"<h2>Welcome to the SHZM Website.<\/h2>\n\n\n<p class=\"has-vivid-cyan-blue-color has-text-color\"><strong>The SHZM is contributing to two international symposia in April and May 2026:<\/strong><\/p>\n\n\n\n<p>1) Symposium of the \u00d6sterreichische Gesellschaft f\u00fcr Musikermedizin \u00d6GFFM, 10th to 12th April 2026, Universit\u00e4t Mozarteum Salzburg (AT)\u00a0<\/p>\n\n\n\n<p>\u201eBeyond the Score \u2013 Health &amp; Well-being in Music and Performing Arts\u201c\u00a0<a href=\"https:\/\/oegfmm.at\/salzburg26\/salzburg26-programm\" target=\"_blank\" rel=\"noreferrer noopener\"><mark style=\"background-color:rgba(0, 0, 0, 0)\" class=\"has-inline-color has-vivid-cyan-blue-color\">https:\/\/oegfmm.at\/salzburg26\/salzburg26-programm<\/mark><\/a><\/p>\n\n\n\n<p>Stage performance training \u2013 research-based approaches for a constructive teaching format (Keynote given by Horst Hildebrandt)\u00a0<\/p>\n\n\n\n<p>Front &amp; Backstage \u2013\u00a0Schema Mode Patterns, Coping Profiles,\u00a0and Resilience in Music Students (Poster Presentation by Teresa Wenhart and Horst Hildebrandt)\u00a0<\/p>\n\n\n\n<p>2) Symposium of the Deutsche Gesellschaft f\u00fcr Musikphysiologie &amp; Musikermedizin (DGfMM), Musikhochschule Freiburg im Breisgau (D) 7th to 9th May, 2026\u00a0<\/p>\n\n\n\n<p>&nbsp;\u201e20 Jahre Freiburger Institut f\u00fcr Musikermedizin \u2013 Meilensteine aus Musikphysiologie &amp; Musikermedizin\u201c&nbsp;<a href=\"https:\/\/dgfmm.org\/veranstaltungen\/symposium-2026\" target=\"_blank\" rel=\"noreferrer noopener\"><mark style=\"background-color:rgba(0, 0, 0, 0)\" class=\"has-inline-color has-vivid-cyan-blue-color\">https:\/\/dgfmm.org\/veranstaltungen\/symposium-2026<\/mark><\/a><\/p>\n\n\n\n<p class=\"has-vivid-cyan-blue-color has-text-color\"><mark style=\"background-color:rgba(0, 0, 0, 0)\" class=\"has-inline-color has-black-color\">The Zurich Music Physiology &amp; Health Promotion Model \u2013 Research, Teaching and Counselling Services for all Educational Levels&nbsp;(Posterpr\u00e4sentaion von Mischa Greull, Oliver Margulies und Horst Hildebrandt) <\/mark><a href=\"https:\/\/www.zhdk.ch\/en\/departments\/dmu\/musicphysiology\" target=\"_blank\" rel=\"noreferrer noopener\"><mark style=\"background-color:rgba(0, 0, 0, 0)\" class=\"has-inline-color has-vivid-cyan-blue-color\">https:\/\/www.zhdk.ch\/en\/departments\/dmu\/musicphysiology<\/mark><\/a><\/p>\n\n\n\n<p><\/p>\n\n\n\n<p><\/p>\n","protected":false},"excerpt":{"rendered":"<p>Welcome to the SHZM Website. <\/p>\n<p class=\"has-vivid-cyan-blue-color has-text-color\">The SHZM is contributing to two international symposia in April and May 2026:<\/p>\n<p>1) Symposium of the \u00d6sterreichische Gesellschaft f\u00fcr Musikermedizin \u00d6GFFM, 10th to 12th April 2026, Universit\u00e4t Mozarteum Salzburg (AT) <\/p>\n<p>\u201eBeyond the Score \u2013 Health &amp; Well-being in Music and Performing Arts\u201c https:\/\/oegfmm.at\/salzburg26\/salzburg26-programm<\/p>\n<p>Stage performance training [&#8230;]<\/p>\n","protected":false},"author":1,"featured_media":0,"parent":0,"menu_order":0,"comment_status":"closed","ping_status":"closed","template":"","meta":{"footnotes":""},"class_list":["post-1019","page","type-page","status-publish","hentry","odd"],"_links":{"self":[{"href":"http:\/\/www.shzm.ch\/en\/wp-json\/wp\/v2\/pages\/1019","targetHints":{"allow":["GET"]}}],"collection":[{"href":"http:\/\/www.shzm.ch\/en\/wp-json\/wp\/v2\/pages"}],"about":[{"href":"http:\/\/www.shzm.ch\/en\/wp-json\/wp\/v2\/types\/page"}],"author":[{"embeddable":true,"href":"http:\/\/www.shzm.ch\/en\/wp-json\/wp\/v2\/users\/1"}],"replies":[{"embeddable":true,"href":"http:\/\/www.shzm.ch\/en\/wp-json\/wp\/v2\/comments?post=1019"}],"version-history":[{"count":22,"href":"http:\/\/www.shzm.ch\/en\/wp-json\/wp\/v2\/pages\/1019\/revisions"}],"predecessor-version":[{"id":1752,"href":"http:\/\/www.shzm.ch\/en\/wp-json\/wp\/v2\/pages\/1019\/revisions\/1752"}],"wp:attachment":[{"href":"http:\/\/www.shzm.ch\/en\/wp-json\/wp\/v2\/media?parent=1019"}],"curies":[{"name":"wp","href":"https:\/\/api.w.org\/{rel}","templated":true}]}}